{"id":7,"date":"2020-01-28T13:49:08","date_gmt":"2020-01-28T13:49:08","guid":{"rendered":"https:\/\/hesstheol.ch\/?page_id=7"},"modified":"2020-03-17T20:25:44","modified_gmt":"2020-03-17T20:25:44","slug":"ueber-uns","status":"publish","type":"page","link":"https:\/\/hesstheol.ch\/index.php\/ueber-uns\/","title":{"rendered":"\u00dcber mich"},"content":{"rendered":"\n<p>Martin Hess, Pfarrer em., Theologe<\/p>\n\n\n\n<p>Nach dem Studium an den Universit\u00e4ten Basel und Z\u00fcrich, war ich  Gemeindepfarrer an verschiedenen Stellen, Mitglied von Synoden,  Kommissionen und Kirchenbeh\u00f6rden, Vicepr\u00e4sident eines Synodalrats  (Exekutive), Spitalpfarrer, Seelsorger am Aids-Spital &#8222;Sune-Egge&#8220;, Mitglied  Spitalleitung und Leiter des Seelsorge- und Beratungszentrums der  Stiftung Sozialwerke Pfr. Sieber in Z\u00fcrich.<\/p>\n\n\n\n<p>Aktuell und gelegentlich bin ich weiter als Verweser im Kirchendienst t\u00e4tig. <\/p>\n\n\n\n<p>Besonders an meinen Predigten bestand auch nach meiner Pensionierung eine gewisse Nachfrage. Darum und als Anregung f\u00fcr Kolleginnen, Kollegen und Studierende publiziere ich sie auf dieser Homepage &#8211; nebst einigen theologischen Arbeiten und Statements zu aktuellen Fragen.<\/p>\n\n\n\n<p>Es freut mich, wenn sie dein Interesse finden &#8211; und jedes Feedback.<\/p>\n\n\n\n<h2 class=\"wp-block-heading\">Suche<\/h2>\n\n\n\n<p>\n\n\n\t\n\t\tSearch for:\n\t\n\t\n\t\n\t\t\t\n\t\t\t\n\n<\/p>\n","protected":false},"excerpt":{"rendered":"<p>Martin Hess, Pfarrer em., Theologe Nach dem Studium an den Universit\u00e4ten Basel und Z\u00fcrich, war ich Gemeindepfarrer an verschiedenen Stellen, Mitglied von Synoden, Kommissionen und Kirchenbeh\u00f6rden, Vicepr\u00e4sident eines Synodalrats (Exekutive), Spitalpfarrer, Seelsorger am Aids-Spital &#8222;Sune-Egge&#8220;, Mitglied Spitalleitung und Leiter des Seelsorge- und Beratungszentrums der Stiftung Sozialwerke Pfr. Sieber in Z\u00fcrich. Aktuell und gelegentlich bin ich &hellip; <\/p>\n<p class=\"link-more\"><a href=\"https:\/\/hesstheol.ch\/index.php\/ueber-uns\/\" class=\"more-link\"><span class=\"screen-reader-text\">\u201e\u00dcber mich\u201c <\/span>weiterlesen<\/a><\/p>\n","protected":false},"author":1,"featured_media":0,"parent":0,"menu_order":0,"comment_status":"closed","ping_status":"closed","template":"","meta":{"footnotes":""},"class_list":["post-7","page","type-page","status-publish","hentry"],"_links":{"self":[{"href":"https:\/\/hesstheol.ch\/index.php\/wp-json\/wp\/v2\/pages\/7","targetHints":{"allow":["GET"]}}],"collection":[{"href":"https:\/\/hesstheol.ch\/index.php\/wp-json\/wp\/v2\/pages"}],"about":[{"href":"https:\/\/hesstheol.ch\/index.php\/wp-json\/wp\/v2\/types\/page"}],"author":[{"embeddable":true,"href":"https:\/\/hesstheol.ch\/index.php\/wp-json\/wp\/v2\/users\/1"}],"replies":[{"embeddable":true,"href":"https:\/\/hesstheol.ch\/index.php\/wp-json\/wp\/v2\/comments?post=7"}],"version-history":[{"count":3,"href":"https:\/\/hesstheol.ch\/index.php\/wp-json\/wp\/v2\/pages\/7\/revisions"}],"predecessor-version":[{"id":120,"href":"https:\/\/hesstheol.ch\/index.php\/wp-json\/wp\/v2\/pages\/7\/revisions\/120"}],"wp:attachment":[{"href":"https:\/\/hesstheol.ch\/index.php\/wp-json\/wp\/v2\/media?parent=7"}],"curies":[{"name":"wp","href":"https:\/\/api.w.org\/{rel}","templated":true}]}}