{"id":62,"date":"2020-01-28T13:49:08","date_gmt":"2020-01-28T13:49:08","guid":{"rendered":"https:\/\/hesstheol.ch\/?page_id=62"},"modified":"2026-03-19T15:40:35","modified_gmt":"2026-03-19T15:40:35","slug":"predigten","status":"publish","type":"page","link":"https:\/\/hesstheol.ch\/index.php\/predigten\/","title":{"rendered":"Predigten"},"content":{"rendered":"\n<p>Hier erhalten Sie Zugriff auf einige Predigten.<\/p>\n\n\n\n<h2 class=\"wp-block-heading\"><strong>Was Jesus in die Welt gebracht hat<\/strong><\/h2>\n\n\n\n<p>Mundart-Predigt, Weihnachten 2025, Rupperswil<\/p>\n\n\n\n<div data-wp-interactive=\"core\/file\" class=\"wp-block-file\"><object data-wp-bind--hidden=\"!state.hasPdfPreview\" hidden class=\"wp-block-file__embed\" data=\"https:\/\/hesstheol.ch\/wp-content\/uploads\/2025\/12\/Joh-114ff-Was-Jesus-in-die-Welt-gebracht-hat.pdf\" type=\"application\/pdf\" style=\"width:100%;height:600px\" aria-label=\"Einbettung von Joh 1,14ff Was Jesus in die Welt gebracht hat.\"><\/object><a id=\"wp-block-file--media-7dd9dc19-f6b7-4a3b-9fbf-d9e66a0cd7f2\" href=\"https:\/\/hesstheol.ch\/wp-content\/uploads\/2025\/12\/Joh-114ff-Was-Jesus-in-die-Welt-gebracht-hat.pdf\">Joh 1,14ff Was Jesus in die Welt gebracht hat<\/a><a href=\"https:\/\/hesstheol.ch\/wp-content\/uploads\/2025\/12\/Joh-114ff-Was-Jesus-in-die-Welt-gebracht-hat.pdf\" class=\"wp-block-file__button wp-element-button\" download aria-describedby=\"wp-block-file--media-7dd9dc19-f6b7-4a3b-9fbf-d9e66a0cd7f2\">Herunterladen<\/a><\/div>\n\n\n\n<h2 class=\"wp-block-heading\"><strong>Etwas zur Freiheit von Tun und Lassen <\/strong><\/h2>\n\n\n\n<p>Am Essen haben sich schon oft Auseinandersetzungen \u00fcber grunds\u00e4tzliche Lebens- und Glaubensansichten entz\u00fcndet und entschieden. Aktuell m\u00f6chten gewisse Kreise in einem pseudoreligi\u00f6sen Eifer am liebsten per Gesetz, den Leuten neue Essens- und Verhaltensvorschriften aufzwingen, um so wom\u00f6glich das Klima und die Welt zu retten. Zu diesem Thema habe ich am 9. Februar 2025 eine Predigt gehalten zu &#8230;<\/p>\n\n\n\n<p><a href=\"https:\/\/hesstheol.ch\/wp-content\/uploads\/2025\/02\/1Kor-1023-111-Zur-Freiheit-von-Tun-und-Lassen.pdf\" data-type=\"attachment\" data-id=\"485\">1Kor 10, 23ff. &#8211; Etwas zur Freiheit von Tun und Lassen<\/a><\/p>\n\n\n\n<div data-wp-interactive=\"core\/file\" class=\"wp-block-file\"><object data-wp-bind--hidden=\"!state.hasPdfPreview\" hidden class=\"wp-block-file__embed\" data=\"https:\/\/hesstheol.ch\/wp-content\/uploads\/2025\/02\/1Kor-1023-111-Zur-Freiheit-von-Tun-und-Lassen.pdf\" type=\"application\/pdf\" style=\"width:100%;height:600px\" aria-label=\"Einbettung von 1Kor 10,23-11,1 Zur Freiheit von Tun und Lassen.\"><\/object><a id=\"wp-block-file--media-abf45fbb-f374-4a2c-9ef7-e015c184a1f0\" href=\"https:\/\/hesstheol.ch\/wp-content\/uploads\/2025\/02\/1Kor-1023-111-Zur-Freiheit-von-Tun-und-Lassen.pdf\">1Kor 10,23-11,1 Zur Freiheit von Tun und Lassen<\/a><a href=\"https:\/\/hesstheol.ch\/wp-content\/uploads\/2025\/02\/1Kor-1023-111-Zur-Freiheit-von-Tun-und-Lassen.pdf\" class=\"wp-block-file__button wp-element-button\" download aria-describedby=\"wp-block-file--media-abf45fbb-f374-4a2c-9ef7-e015c184a1f0\">Herunterladen<\/a><\/div>\n\n\n\n<h2 class=\"wp-block-heading\"><strong>Erkl\u00e4rung zu Auferstehung und Osterpredigt 2024<\/strong><\/h2>\n\n\n\n<div data-wp-interactive=\"core\/file\" class=\"wp-block-file\"><object data-wp-bind--hidden=\"!state.hasPdfPreview\" hidden class=\"wp-block-file__embed\" data=\"https:\/\/hesstheol.ch\/wp-content\/uploads\/2024\/04\/Erklaerung-zu-Auferstehung-und-Osterpredigt.pdf\" type=\"application\/pdf\" style=\"width:100%;height:600px\" aria-label=\"Einbettung von Erklaerung-zu-Auferstehung-und-Osterpredigt.\"><\/object><a id=\"wp-block-file--media-093a3575-9b14-4426-86e9-3e6cbfb97559\" href=\"https:\/\/hesstheol.ch\/wp-content\/uploads\/2024\/04\/Erklaerung-zu-Auferstehung-und-Osterpredigt.pdf\">Erklaerung-zu-Auferstehung-und-Osterpredigt<\/a><a href=\"https:\/\/hesstheol.ch\/wp-content\/uploads\/2024\/04\/Erklaerung-zu-Auferstehung-und-Osterpredigt.pdf\" class=\"wp-block-file__button wp-element-button\" download aria-describedby=\"wp-block-file--media-093a3575-9b14-4426-86e9-3e6cbfb97559\">Herunterladen<\/a><\/div>\n\n\n\n<h2 class=\"wp-block-heading\"><strong>Konfirmation in Muhen 2. Mai 2021<\/strong><\/h2>\n\n\n\n<div class=\"wp-block-file\"><a id=\"wp-block-file--media-d1c906cc-06e7-4b6f-8569-b344df131eb2\" href=\"https:\/\/hesstheol.ch\/wp-content\/uploads\/2021\/05\/1Kor-1313-Konfirmation-1.pdf\">1Kor-13;13-Konfirmation-1<\/a><a href=\"https:\/\/hesstheol.ch\/wp-content\/uploads\/2021\/05\/1Kor-1313-Konfirmation-1.pdf\" class=\"wp-block-file__button wp-element-button\" download aria-describedby=\"wp-block-file--media-d1c906cc-06e7-4b6f-8569-b344df131eb2\">Herunterladen<\/a><\/div>\n\n\n\n<p><\/p>\n\n\n\n<h2 class=\"wp-block-heading\"><strong>Jeder Gr\u00fcnder oder Vork\u00e4mpfer braucht auch Mitwirkende und Nachfolgerinnen<\/strong><\/h2>\n\n\n\n<div class=\"wp-block-file\"><a id=\"wp-block-file--media-714e897c-c23a-43ca-8972-95968d3251f9\" href=\"https:\/\/hesstheol.ch\/wp-content\/uploads\/2021\/03\/Mt-8-18-22-Vorkaempfer-und-Nachfolgerinnen.pdf\">Mt-8;18-22-Vorkaempfer-und-Nachfolgerinnen<\/a><a href=\"https:\/\/hesstheol.ch\/wp-content\/uploads\/2021\/03\/Mt-8-18-22-Vorkaempfer-und-Nachfolgerinnen.pdf\" class=\"wp-block-file__button wp-element-button\" download aria-describedby=\"wp-block-file--media-714e897c-c23a-43ca-8972-95968d3251f9\">Herunterladen<\/a><\/div>\n\n\n\n<div class=\"wp-block-file\"><a id=\"wp-block-file--media-1c10901e-3278-4eb9-96a5-ab28e443e9c9\" href=\"https:\/\/hesstheol.ch\/wp-content\/uploads\/2021\/03\/Mk-1-12-20-Jesu-Businessplan.pdf\">Mk-1;12-20-Jesu-Businessplan<\/a><a href=\"https:\/\/hesstheol.ch\/wp-content\/uploads\/2021\/03\/Mk-1-12-20-Jesu-Businessplan.pdf\" class=\"wp-block-file__button wp-element-button\" download aria-describedby=\"wp-block-file--media-1c10901e-3278-4eb9-96a5-ab28e443e9c9\">Herunterladen<\/a><\/div>\n\n\n\n<div class=\"wp-block-file\"><a id=\"wp-block-file--media-416bd7b4-20fa-417e-af27-43b5ca4c0b15\" href=\"https:\/\/hesstheol.ch\/wp-content\/uploads\/2021\/08\/Mk-3-13-19-Die-Berufung-der-Zwoelf.pdf\">Mk-3;13-19-Die-Berufung-der-Zwoelf<\/a><a href=\"https:\/\/hesstheol.ch\/wp-content\/uploads\/2021\/08\/Mk-3-13-19-Die-Berufung-der-Zwoelf.pdf\" class=\"wp-block-file__button wp-element-button\" download aria-describedby=\"wp-block-file--media-416bd7b4-20fa-417e-af27-43b5ca4c0b15\">Herunterladen<\/a><\/div>\n\n\n\n<div class=\"wp-block-file\"><a id=\"wp-block-file--media-08b9cf07-94d8-4527-a771-f042f07b846b\" href=\"https:\/\/hesstheol.ch\/wp-content\/uploads\/2021\/03\/Apg-10-34-43-Gemeinde-Jesu-offen-fuer-alle.pdf\">Apg-10;34-43-Gemeinde-Jesu-offen-fuer-alle<\/a><a href=\"https:\/\/hesstheol.ch\/wp-content\/uploads\/2021\/03\/Apg-10-34-43-Gemeinde-Jesu-offen-fuer-alle.pdf\" class=\"wp-block-file__button wp-element-button\" download aria-describedby=\"wp-block-file--media-08b9cf07-94d8-4527-a771-f042f07b846b\">Herunterladen<\/a><\/div>\n\n\n\n<div class=\"wp-block-file\"><a id=\"wp-block-file--media-409cea16-dee0-48ff-8a8f-48233f915429\" href=\"https:\/\/hesstheol.ch\/wp-content\/uploads\/2020\/06\/Gen-121-5-Abrahams-Alterskarriere.pdf\">Gen-12;1-5-Abrahams-Alterskarriere<\/a><a href=\"https:\/\/hesstheol.ch\/wp-content\/uploads\/2020\/06\/Gen-121-5-Abrahams-Alterskarriere.pdf\" class=\"wp-block-file__button wp-element-button\" download aria-describedby=\"wp-block-file--media-409cea16-dee0-48ff-8a8f-48233f915429\">Herunterladen<\/a><\/div>\n\n\n\n<h2 class=\"wp-block-heading\"><strong>Zu Pfingsten: Die kreative Seite des Glaubens<\/strong> &#8211; einige kultur-theologische \u00dcberlegungen:<\/h2>\n\n\n\n<div class=\"wp-block-file\"><a id=\"wp-block-file--media-f9e58dc3-4305-4e92-8afe-29f86024b93c\" href=\"https:\/\/hesstheol.ch\/wp-content\/uploads\/2020\/05\/2Kor-3-4-6-Die-kreative-Seite-des-Glaubens.pdf\">2Kor-3;4-6-Die-kreative-Seite-des-Glaubens<\/a><a href=\"https:\/\/hesstheol.ch\/wp-content\/uploads\/2020\/05\/2Kor-3-4-6-Die-kreative-Seite-des-Glaubens.pdf\" class=\"wp-block-file__button wp-element-button\" download aria-describedby=\"wp-block-file--media-f9e58dc3-4305-4e92-8afe-29f86024b93c\">Herunterladen<\/a><\/div>\n\n\n\n<h2 class=\"wp-block-heading\"><strong>Zur Auffahrt: <\/strong>Das Grosse bleibt gross nicht und klein nicht das Kleine<\/h2>\n\n\n\n<div class=\"wp-block-file\"><a id=\"wp-block-file--media-8d937fc8-f254-4131-a8c7-f7873a973e9e\" href=\"https:\/\/hesstheol.ch\/wp-content\/uploads\/2020\/05\/Phil-2-5-11-Zu-Christi-Himmelfahrt.pdf\">Phil-2;5-11-Zu-Christi-Himmelfahrt<\/a><a href=\"https:\/\/hesstheol.ch\/wp-content\/uploads\/2020\/05\/Phil-2-5-11-Zu-Christi-Himmelfahrt.pdf\" class=\"wp-block-file__button wp-element-button\" download aria-describedby=\"wp-block-file--media-8d937fc8-f254-4131-a8c7-f7873a973e9e\">Herunterladen<\/a><\/div>\n\n\n\n<h2 class=\"wp-block-heading\"><strong>Zum Muttertag eine Mundartpredigt<\/strong><\/h2>\n\n\n\n<div class=\"wp-block-file\"><a id=\"wp-block-file--media-a5639689-ad08-421c-ad73-1d87f862583c\" href=\"https:\/\/hesstheol.ch\/wp-content\/uploads\/2020\/05\/Joh-15-9-12-Muttertag-Dialekt.pdf\">Joh-15;9-12-Muttertag-Dialekt<\/a><a href=\"https:\/\/hesstheol.ch\/wp-content\/uploads\/2020\/05\/Joh-15-9-12-Muttertag-Dialekt.pdf\" class=\"wp-block-file__button wp-element-button\" download aria-describedby=\"wp-block-file--media-a5639689-ad08-421c-ad73-1d87f862583c\">Herunterladen<\/a><\/div>\n\n\n\n<h2 class=\"wp-block-heading\"><strong>Jesus kommt auf dem See gegangen<\/strong><\/h2>\n\n\n\n<div class=\"wp-block-file\"><a id=\"wp-block-file--media-a5996670-319c-41d9-9447-d258066184a4\" href=\"https:\/\/hesstheol.ch\/wp-content\/uploads\/2020\/05\/Mk-6-und-Mt-14-JESUS-KOMMT-AUF-DEM-SEE-GEGANGEN.pdf\">Mk-6-und-Mt-14-JESUS-KOMMT-AUF-DEM-SEE-GEGANGEN<\/a><a href=\"https:\/\/hesstheol.ch\/wp-content\/uploads\/2020\/05\/Mk-6-und-Mt-14-JESUS-KOMMT-AUF-DEM-SEE-GEGANGEN.pdf\" class=\"wp-block-file__button wp-element-button\" download aria-describedby=\"wp-block-file--media-a5996670-319c-41d9-9447-d258066184a4\">Herunterladen<\/a><\/div>\n\n\n\n<p><a href=\"https:\/\/hesstheol.ch\/wp-content\/uploads\/2020\/03\/Joh-8-30-36-vom-2020-03-22.pdf\">Joh-8;30-36-vom-2020-03-22<\/a> <strong>Unsere Freiheit trotz Versammlungsverbot<\/strong><\/p>\n\n\n\n<div class=\"wp-block-file\"><a id=\"wp-block-file--media-5c6452c8-bff9-4fa6-bed1-66d8c0982346\" href=\"https:\/\/hesstheol.ch\/wp-content\/uploads\/2020\/04\/Ein-Wort-zum-Osterfest.pdf\">Ein-Wort-zum-Osterfest<\/a><a href=\"https:\/\/hesstheol.ch\/wp-content\/uploads\/2020\/04\/Ein-Wort-zum-Osterfest.pdf\" class=\"wp-block-file__button wp-element-button\" download aria-describedby=\"wp-block-file--media-5c6452c8-bff9-4fa6-bed1-66d8c0982346\">Herunterladen<\/a><\/div>\n\n\n\n<h2 class=\"wp-block-heading\"><strong>Bildbetrachtungen zu den Rupperswiler Glasfenstern von Felix Hoffmann<\/strong><\/h2>\n\n\n\n<div class=\"wp-block-file\"><a id=\"wp-block-file--media-571e0d3b-3276-4587-b3f9-567fed51f1a0\" href=\"https:\/\/hesstheol.ch\/wp-content\/uploads\/2020\/04\/Glasfenster-Hoffmann-Fusswaschung.pdf\">Glasfenster-Hoffmann-Fusswaschung<\/a><a href=\"https:\/\/hesstheol.ch\/wp-content\/uploads\/2020\/04\/Glasfenster-Hoffmann-Fusswaschung.pdf\" class=\"wp-block-file__button wp-element-button\" download aria-describedby=\"wp-block-file--media-571e0d3b-3276-4587-b3f9-567fed51f1a0\"><br>Herunterladen<\/a><\/div>\n\n\n\n<div class=\"wp-block-file\"><a id=\"wp-block-file--media-d66f8c8c-44e0-4760-ba6c-e4b3c7af8c2d\" href=\"https:\/\/hesstheol.ch\/wp-content\/uploads\/2020\/04\/Glasfenster-Hoffmann-Kreuzigung.pdf\">Glasfenster Hoffmann Kreuzigung<\/a><a href=\"https:\/\/hesstheol.ch\/wp-content\/uploads\/2020\/04\/Glasfenster-Hoffmann-Kreuzigung.pdf\" class=\"wp-block-file__button wp-element-button\" download aria-describedby=\"wp-block-file--media-d66f8c8c-44e0-4760-ba6c-e4b3c7af8c2d\">Herunterladen<\/a><\/div>\n\n\n\n<div class=\"wp-block-file\"><a id=\"wp-block-file--media-b4f2751e-52f6-4796-b8ab-b11f3446701b\" href=\"https:\/\/hesstheol.ch\/wp-content\/uploads\/2020\/04\/Glasfenster-Hoffmann-Verleugnung.pdf\">Glasfenster-Hoffmann-Verleugnung<\/a><a href=\"https:\/\/hesstheol.ch\/wp-content\/uploads\/2020\/04\/Glasfenster-Hoffmann-Verleugnung.pdf\" class=\"wp-block-file__button wp-element-button\" download aria-describedby=\"wp-block-file--media-b4f2751e-52f6-4796-b8ab-b11f3446701b\">Herunterladen<\/a><\/div>\n\n\n\n<h2 class=\"wp-block-heading\"><strong>Aus der Bergpredigt<\/strong><\/h2>\n\n\n\n<p><a href=\"https:\/\/hesstheol.ch\/wp-content\/uploads\/2022\/07\/Mt.-5-33-35-DIE-WAHRHAFTIGKEIT.pdf\">Mt.-5;33-37-DIE-WAHRHAFTIGKEIT-A<\/a>LS-ZEICHEN-DER-CHRISTUSGEMEINSCHAFT<\/p>\n\n\n\n<p><a href=\"https:\/\/hesstheol.ch\/wp-content\/uploads\/2024\/02\/Mt-5-38-48-Die-hohe-Schule-des-Glaubens-neu.pdf\" data-type=\"attachment\" data-id=\"438\">Mt.-5;38-48-DIE-HOHE-SCHULE-DES-GLAUBENS<\/a><\/p>\n\n\n\n<p><a href=\"https:\/\/hesstheol.ch\/wp-content\/uploads\/2022\/07\/Mt.-6-1-8.16-18-GLAUBE-IN-DER-VOLLZUGSKRISE.pdf\">Mt.-6;1-8.16-18-GLAUBE-IN-DER-VOLLZUGSKRISE<\/a><\/p>\n\n\n\n<div class=\"wp-block-file\"><a id=\"wp-block-file--media-5f863b78-0acf-4559-ab75-92da792ce7ae\" href=\"https:\/\/hesstheol.ch\/wp-content\/uploads\/2020\/09\/Mt-7-12-14-DIE-GOLDENE-REGEL.pdf\">Mt-7;12-14-DIE-GOLDENE-REGEL<\/a><a href=\"https:\/\/hesstheol.ch\/wp-content\/uploads\/2020\/09\/Mt-7-12-14-DIE-GOLDENE-REGEL.pdf\" class=\"wp-block-file__button wp-element-button\" download aria-describedby=\"wp-block-file--media-5f863b78-0acf-4559-ab75-92da792ce7ae\">Herunterladen<\/a><\/div>\n\n\n\n<p><strong>3 Predigten zum Unser Vater:<\/strong><\/p>\n\n\n\n<div class=\"wp-block-file\"><a id=\"wp-block-file--media-3b4ebcbb-9925-4511-8545-911a5fc0505e\" href=\"https:\/\/hesstheol.ch\/wp-content\/uploads\/2022\/08\/Mt-6-9-15-Zum-Unser-Vater.pdf\">Mt 6, 9-15 Zum Unser Vater<\/a><a href=\"https:\/\/hesstheol.ch\/wp-content\/uploads\/2022\/08\/Mt-6-9-15-Zum-Unser-Vater.pdf\" class=\"wp-block-file__button wp-element-button\" download aria-describedby=\"wp-block-file--media-3b4ebcbb-9925-4511-8545-911a5fc0505e\">Herunterladen<\/a><\/div>\n\n\n\n<p><strong>Weitere aus dem Matth\u00e4usevangelium:<\/strong><\/p>\n\n\n\n<div class=\"wp-block-file\"><a id=\"wp-block-file--media-f8f772e9-f0fc-442d-aabd-ec1e04674c44\" href=\"https:\/\/hesstheol.ch\/wp-content\/uploads\/2020\/11\/Mt-25-1-13-Das-grosse-Fest-kann-nicht-warten.pdf\">Mt-25;1-13-Das-grosse-Fest-kann-nicht-warten<\/a><a href=\"https:\/\/hesstheol.ch\/wp-content\/uploads\/2020\/11\/Mt-25-1-13-Das-grosse-Fest-kann-nicht-warten.pdf\" class=\"wp-block-file__button wp-element-button\" download aria-describedby=\"wp-block-file--media-f8f772e9-f0fc-442d-aabd-ec1e04674c44\">Herunterladen<\/a><\/div>\n\n\n\n<div class=\"wp-block-file\"><a id=\"wp-block-file--media-3bbb55fc-b1ef-4d13-9ead-5ce4fd2a3e67\" href=\"https:\/\/hesstheol.ch\/wp-content\/uploads\/2020\/11\/Mt-25-14-30-Das-versteckte-Talent.pdf\">Mt-25;14-30-Das-versteckte-Talent<\/a><a href=\"https:\/\/hesstheol.ch\/wp-content\/uploads\/2020\/11\/Mt-25-14-30-Das-versteckte-Talent.pdf\" class=\"wp-block-file__button wp-element-button\" download aria-describedby=\"wp-block-file--media-3bbb55fc-b1ef-4d13-9ead-5ce4fd2a3e67\">Herunterladen<\/a><\/div>\n\n\n\n<p><\/p>\n","protected":false},"excerpt":{"rendered":"<p>Hier erhalten Sie Zugriff auf einige Predigten. Was Jesus in die Welt gebracht hat Mundart-Predigt, Weihnachten 2025, Rupperswil Etwas zur Freiheit von Tun und Lassen Am Essen haben sich schon oft Auseinandersetzungen \u00fcber grunds\u00e4tzliche Lebens- und Glaubensansichten entz\u00fcndet und entschieden. Aktuell m\u00f6chten gewisse Kreise in einem pseudoreligi\u00f6sen Eifer am liebsten per Gesetz, den Leuten neue &hellip; <\/p>\n<p class=\"link-more\"><a href=\"https:\/\/hesstheol.ch\/index.php\/predigten\/\" class=\"more-link\"><span class=\"screen-reader-text\">\u201ePredigten\u201c <\/span>weiterlesen<\/a><\/p>\n","protected":false},"author":1,"featured_media":0,"parent":0,"menu_order":0,"comment_status":"closed","ping_status":"closed","template":"","meta":{"footnotes":""},"class_list":["post-62","page","type-page","status-publish","hentry"],"_links":{"self":[{"href":"https:\/\/hesstheol.ch\/index.php\/wp-json\/wp\/v2\/pages\/62","targetHints":{"allow":["GET"]}}],"collection":[{"href":"https:\/\/hesstheol.ch\/index.php\/wp-json\/wp\/v2\/pages"}],"about":[{"href":"https:\/\/hesstheol.ch\/index.php\/wp-json\/wp\/v2\/types\/page"}],"author":[{"embeddable":true,"href":"https:\/\/hesstheol.ch\/index.php\/wp-json\/wp\/v2\/users\/1"}],"replies":[{"embeddable":true,"href":"https:\/\/hesstheol.ch\/index.php\/wp-json\/wp\/v2\/comments?post=62"}],"version-history":[{"count":38,"href":"https:\/\/hesstheol.ch\/index.php\/wp-json\/wp\/v2\/pages\/62\/revisions"}],"predecessor-version":[{"id":535,"href":"https:\/\/hesstheol.ch\/index.php\/wp-json\/wp\/v2\/pages\/62\/revisions\/535"}],"wp:attachment":[{"href":"https:\/\/hesstheol.ch\/index.php\/wp-json\/wp\/v2\/media?parent=62"}],"curies":[{"name":"wp","href":"https:\/\/api.w.org\/{rel}","templated":true}]}}