{"id":200,"date":"2020-03-21T14:17:20","date_gmt":"2020-03-21T14:17:20","guid":{"rendered":"https:\/\/hesstheol.ch\/?page_id=200"},"modified":"2024-11-18T15:37:06","modified_gmt":"2024-11-18T15:37:06","slug":"handreichungen-2","status":"publish","type":"page","link":"https:\/\/hesstheol.ch\/index.php\/handreichungen-2\/","title":{"rendered":"Handreichungen &#8211; Praktisch-theologische Beitr\u00e4ge"},"content":{"rendered":"\n<h2 class=\"wp-block-heading has-medium-font-size\"><strong>Erfahrungen und Empfehlungen zur Reform der Kirche<\/strong><\/h2>\n\n\n\n<p>Meine Erfahrungen und Empfehlungen f\u00fcr eine Reform der Kirche und f\u00fcr vitalere Gemeinden habe ich in 11 Merkpunkten zusammengefasst. Fusionen \u2013 in Einzelf\u00e4llen eventuell n\u00f6tig oder sinnvoll \u2013 sind grunds\u00e4tzlich kein Heilmittel in der schwierigen Situation der Kirche. Um den Niedergang zu bremsen und den Trend umzukehren, m\u00fcssen aussenstehende Menschen angesprochen, positiv ber\u00fchrt und zum Mittun animiert werden. Das kann zur Hauptsache nicht mehr in kirchlichen Strukturen, Formaten und R\u00e4umen geschehen. Die haben f\u00fcr Aussenstehende ihre Attraktivit\u00e4t fast vollkommen eingeb\u00fcsst und sind sogar negativ konnotiert.<\/p>\n\n\n\n<div data-wp-interactive=\"core\/file\" class=\"wp-block-file\"><object data-wp-bind--hidden=\"!state.hasPdfPreview\" hidden class=\"wp-block-file__embed\" data=\"https:\/\/hesstheol.ch\/wp-content\/uploads\/2024\/11\/Kirchenreform-11-Merkpunkte.pdf\" type=\"application\/pdf\" style=\"width:100%;height:600px\" aria-label=\"Einbettung von Kirchenreform-11 Merkpunkte.\"><\/object><a id=\"wp-block-file--media-38f599e4-64ae-4d95-b7e5-50b7e893eab2\" href=\"https:\/\/hesstheol.ch\/wp-content\/uploads\/2024\/11\/Kirchenreform-11-Merkpunkte.pdf\">Kirchenreform-11 Merkpunkte<\/a><a href=\"https:\/\/hesstheol.ch\/wp-content\/uploads\/2024\/11\/Kirchenreform-11-Merkpunkte.pdf\" class=\"wp-block-file__button wp-element-button\" download aria-describedby=\"wp-block-file--media-38f599e4-64ae-4d95-b7e5-50b7e893eab2\">Herunterladen<\/a><\/div>\n\n\n\n<p><\/p>\n\n\n\n<p class=\"has-medium-font-size\"><strong>Rupperswiler Morgengebet<\/strong> <\/p>\n\n\n\n<p>Das ist eine kleine Liturgie als Vorlage f\u00fcr unser Morgengebet. Man kann damit auch f\u00fcr sich allein oder mit andern zusammen eine Andacht gestalten. <\/p>\n\n\n\n<div data-wp-interactive=\"core\/file\" class=\"wp-block-file\"><object data-wp-bind--hidden=\"!state.hasPdfPreview\" hidden class=\"wp-block-file__embed\" data=\"https:\/\/hesstheol.ch\/wp-content\/uploads\/2020\/03\/Rupperswiler-Morgengebet.pdf\" type=\"application\/pdf\" style=\"width:100%;height:600px\" aria-label=\"Einbettung von Rupperswiler Morgengebet.\"><\/object><a id=\"wp-block-file--media-253e25cf-9251-4761-b396-f0ed1f549757\" href=\"https:\/\/hesstheol.ch\/wp-content\/uploads\/2020\/03\/Rupperswiler-Morgengebet.pdf\">Rupperswiler Morgengebet<\/a><a href=\"https:\/\/hesstheol.ch\/wp-content\/uploads\/2020\/03\/Rupperswiler-Morgengebet.pdf\" class=\"wp-block-file__button wp-element-button\" download aria-describedby=\"wp-block-file--media-253e25cf-9251-4761-b396-f0ed1f549757\">Herunterladen<\/a><\/div>\n\n\n\n<h2 class=\"wp-block-heading\"><strong>Die Kirche Muhen &#8211; eine Beschreibung<\/strong><\/h2>\n\n\n\n<p>F\u00fcr architektonisch Interessierte habe ich die Kirche Muhen neu beschrieben unter Verwendung von Quellen, Originalpl\u00e4nen, Protokollen und Berichte von Zeitzeugen.<\/p>\n\n\n\n<div class=\"wp-block-file\"><a href=\"https:\/\/hesstheol.ch\/wp-content\/uploads\/2021\/05\/Die-Kirche-Muhen-eine-Beschreibung-min.pdf\">Die Kirche Muhen &#8211; eine Beschreibung <\/a><a href=\"https:\/\/hesstheol.ch\/wp-content\/uploads\/2021\/05\/Die-Kirche-Muhen-eine-Beschreibung-min.pdf\" class=\"wp-block-file__button wp-element-button\" download>Herunterladen<\/a><\/div>\n\n\n\n<p><\/p>\n\n\n\n<p class=\"has-medium-font-size\"><strong>Arbeitsblatt Sakramente Schaubild zur Veranschaulichung <\/strong><\/p>\n\n\n\n<p>Wo ist der &#8222;Leib Christi&#8220; als Auferstandener real pr\u00e4sent? &#8211; Im Sakrament (kath) und\/oder in der Gemeinschaft der Glaubenden (paulin., ref.)?<\/p>\n\n\n\n<p>Die Sakramente &#8222;hangen&#8220; vom Wort Gottes ab, von Jesus Christus.<\/p>\n\n\n\n<div data-wp-interactive=\"core\/file\" class=\"wp-block-file\"><object data-wp-bind--hidden=\"!state.hasPdfPreview\" hidden class=\"wp-block-file__embed\" data=\"https:\/\/hesstheol.ch\/wp-content\/uploads\/2024\/11\/Abl-Sakramente-Vorlage-Grundform.pdf\" type=\"application\/pdf\" style=\"width:100%;height:600px\" aria-label=\"Einbettung von Abl-Sakramente-Vorlage-Grundform.\"><\/object><a id=\"wp-block-file--media-1eae31bc-d6e4-4605-995f-f29e01cb3b9f\" href=\"https:\/\/hesstheol.ch\/wp-content\/uploads\/2024\/11\/Abl-Sakramente-Vorlage-Grundform.pdf\">Abl-Sakramente-Vorlage-Grundform<\/a><a href=\"https:\/\/hesstheol.ch\/wp-content\/uploads\/2024\/11\/Abl-Sakramente-Vorlage-Grundform.pdf\" class=\"wp-block-file__button wp-element-button\" download aria-describedby=\"wp-block-file--media-1eae31bc-d6e4-4605-995f-f29e01cb3b9f\">Herunterladen<\/a><\/div>\n\n\n\n<div data-wp-interactive=\"core\/file\" class=\"wp-block-file\"><object data-wp-bind--hidden=\"!state.hasPdfPreview\" hidden class=\"wp-block-file__embed\" data=\"https:\/\/hesstheol.ch\/wp-content\/uploads\/2024\/11\/Abl-Sakramente-ausgefuehrt.pdf\" type=\"application\/pdf\" style=\"width:100%;height:600px\" aria-label=\"Einbettung von Abl-Sakramente-ausgefuehrt.\"><\/object><a id=\"wp-block-file--media-528b847d-05f8-40fc-92f1-459a82916476\" href=\"https:\/\/hesstheol.ch\/wp-content\/uploads\/2024\/11\/Abl-Sakramente-ausgefuehrt.pdf\">Abl-Sakramente-ausgefuehrt<\/a><a href=\"https:\/\/hesstheol.ch\/wp-content\/uploads\/2024\/11\/Abl-Sakramente-ausgefuehrt.pdf\" class=\"wp-block-file__button wp-element-button\" download aria-describedby=\"wp-block-file--media-528b847d-05f8-40fc-92f1-459a82916476\">Herunterladen<\/a><\/div>\n","protected":false},"excerpt":{"rendered":"<p>Erfahrungen und Empfehlungen zur Reform der Kirche Meine Erfahrungen und Empfehlungen f\u00fcr eine Reform der Kirche und f\u00fcr vitalere Gemeinden habe ich in 11 Merkpunkten zusammengefasst. Fusionen \u2013 in Einzelf\u00e4llen eventuell n\u00f6tig oder sinnvoll \u2013 sind grunds\u00e4tzlich kein Heilmittel in der schwierigen Situation der Kirche. Um den Niedergang zu bremsen und den Trend umzukehren, m\u00fcssen &hellip; <\/p>\n<p class=\"link-more\"><a href=\"https:\/\/hesstheol.ch\/index.php\/handreichungen-2\/\" class=\"more-link\"><span class=\"screen-reader-text\">\u201eHandreichungen &#8211; Praktisch-theologische Beitr\u00e4ge\u201c <\/span>weiterlesen<\/a><\/p>\n","protected":false},"author":1,"featured_media":0,"parent":0,"menu_order":0,"comment_status":"closed","ping_status":"closed","template":"","meta":{"footnotes":""},"class_list":["post-200","page","type-page","status-publish","hentry"],"_links":{"self":[{"href":"https:\/\/hesstheol.ch\/index.php\/wp-json\/wp\/v2\/pages\/200","targetHints":{"allow":["GET"]}}],"collection":[{"href":"https:\/\/hesstheol.ch\/index.php\/wp-json\/wp\/v2\/pages"}],"about":[{"href":"https:\/\/hesstheol.ch\/index.php\/wp-json\/wp\/v2\/types\/page"}],"author":[{"embeddable":true,"href":"https:\/\/hesstheol.ch\/index.php\/wp-json\/wp\/v2\/users\/1"}],"replies":[{"embeddable":true,"href":"https:\/\/hesstheol.ch\/index.php\/wp-json\/wp\/v2\/comments?post=200"}],"version-history":[{"count":5,"href":"https:\/\/hesstheol.ch\/index.php\/wp-json\/wp\/v2\/pages\/200\/revisions"}],"predecessor-version":[{"id":477,"href":"https:\/\/hesstheol.ch\/index.php\/wp-json\/wp\/v2\/pages\/200\/revisions\/477"}],"wp:attachment":[{"href":"https:\/\/hesstheol.ch\/index.php\/wp-json\/wp\/v2\/media?parent=200"}],"curies":[{"name":"wp","href":"https:\/\/api.w.org\/{rel}","templated":true}]}}