{"id":15,"date":"2020-01-01T16:34:22","date_gmt":"2020-01-01T16:34:22","guid":{"rendered":"https:\/\/hesstheol.ch\/?page_id=15"},"modified":"2020-01-28T12:55:55","modified_gmt":"2020-01-28T12:55:55","slug":"startseite","status":"publish","type":"page","link":"https:\/\/hesstheol.ch\/","title":{"rendered":"Wissenschaft und Glaube &#8211; Glauben und Denken"},"content":{"rendered":"\n<p>F\u00fcr viele Menschen sind das unvereinbare Gegens\u00e4tze. F\u00fcr mich ist es  gerade umgekehrt: Beides geh\u00f6rt  zusammen. Das Eine ist geradezu auf das  Andere angewiesen. Die  Wissenschaft wird sonst gerne zu einem Ersatz  f\u00fcr den Glauben und  umgekehrt l\u00e4uft der Glaube ohne das Denken Gefahr  zu einer Doktrin zu  pervertieren.  <\/p>\n\n\n\n<h2 class=\"wp-block-heading\"> <strong>Theologie als Wissenschaft<\/strong> <\/h2>\n\n\n\n<p>  Auch Theologie und Glaube sollten nicht verwechselt werden. Theologie  ist eine Wissenschaft, geisteswissenschaftlicher Richtung. F\u00fcr mich ist  es vorab historisch-kritische Wissenschaft, die sich um das Verst\u00e4ndnis  der Bibel und ihres Umfelds bem\u00fcht. Sie ist damit schon im Ansatz  reformatorische Theologie, im Wesentlichen geschichtliche und  sprachliche Wissenschaft, Religionswissenschaft, auch Wissenschaft der  Kommunikation, wo es um das Verst\u00e4ndlichmachen der Botschaft geht  (Hermeneutik, Homiletik). Dazu geht es auch um philosophisches Denken in  der Systematik (Dogmatik und Ethik) und im Gespr\u00e4ch mit allen andern  Wissenschaften. Es geht um P\u00e4dagogik und Sozialisation  (Religionsp\u00e4dagogik), um die Kunst der F\u00fchrung und  Organisationsentwicklung, um Seelsorge und Beratung und in dem allem  nat\u00fcrlich auch um alle Arten von Psychologie. Insgesamt also ein sehr  komplexes und hochinteressantes Studien- und Arbeitsgebiet. <\/p>\n","protected":false},"excerpt":{"rendered":"<p>F\u00fcr viele Menschen sind das unvereinbare Gegens\u00e4tze. F\u00fcr mich ist es gerade umgekehrt: Beides geh\u00f6rt zusammen. Das Eine ist geradezu auf das Andere angewiesen. Die Wissenschaft wird sonst gerne zu einem Ersatz f\u00fcr den Glauben und umgekehrt l\u00e4uft der Glaube ohne das Denken Gefahr zu einer Doktrin zu pervertieren. Theologie als Wissenschaft Auch Theologie und &hellip; <\/p>\n<p class=\"link-more\"><a href=\"https:\/\/hesstheol.ch\/\" class=\"more-link\"><span class=\"screen-reader-text\">\u201eWissenschaft und Glaube &#8211; Glauben und Denken\u201c <\/span>weiterlesen<\/a><\/p>\n","protected":false},"author":1,"featured_media":47,"parent":0,"menu_order":0,"comment_status":"closed","ping_status":"closed","template":"","meta":{"footnotes":""},"class_list":["post-15","page","type-page","status-publish","has-post-thumbnail","hentry"],"_links":{"self":[{"href":"https:\/\/hesstheol.ch\/index.php\/wp-json\/wp\/v2\/pages\/15","targetHints":{"allow":["GET"]}}],"collection":[{"href":"https:\/\/hesstheol.ch\/index.php\/wp-json\/wp\/v2\/pages"}],"about":[{"href":"https:\/\/hesstheol.ch\/index.php\/wp-json\/wp\/v2\/types\/page"}],"author":[{"embeddable":true,"href":"https:\/\/hesstheol.ch\/index.php\/wp-json\/wp\/v2\/users\/1"}],"replies":[{"embeddable":true,"href":"https:\/\/hesstheol.ch\/index.php\/wp-json\/wp\/v2\/comments?post=15"}],"version-history":[{"count":6,"href":"https:\/\/hesstheol.ch\/index.php\/wp-json\/wp\/v2\/pages\/15\/revisions"}],"predecessor-version":[{"id":71,"href":"https:\/\/hesstheol.ch\/index.php\/wp-json\/wp\/v2\/pages\/15\/revisions\/71"}],"wp:featuredmedia":[{"embeddable":true,"href":"https:\/\/hesstheol.ch\/index.php\/wp-json\/wp\/v2\/media\/47"}],"wp:attachment":[{"href":"https:\/\/hesstheol.ch\/index.php\/wp-json\/wp\/v2\/media?parent=15"}],"curies":[{"name":"wp","href":"https:\/\/api.w.org\/{rel}","templated":true}]}}